{"id":23,"date":"2011-06-24T01:09:25","date_gmt":"2011-06-23T23:09:25","guid":{"rendered":"http:\/\/afk-lembach.at\/neustift\/?page_id=23"},"modified":"2012-07-05T22:24:44","modified_gmt":"2012-07-05T20:24:44","slug":"feuerwehrhaus","status":"publish","type":"page","link":"https:\/\/afk-lembach.at\/neustift\/organisation\/feuerwehrhaus\/","title":{"rendered":"Feuerwehrhaus Neustift"},"content":{"rendered":"<p>Baubeginn f\u00fcr unser Feuerwehrhaus war im November 2010<\/p>\n<p>Fertigstellung im Mai 2012<\/p>\n<p>Das Haus verf\u00fcgt \u00fcber folgende R\u00e4umlichkeiten:<\/p>\n<p><span style=\"text-decoration: underline\">Erdgescho\u00df<\/span><\/p>\n<ul>\n<li>Fahrzeughalle f\u00fcr 3 Fahrzeuge<\/li>\n<li>Einsatzleitzentrale (Kommandoraum)<\/li>\n<li>Umkleideraum Aktive und Jugend<\/li>\n<li>Lager<\/li>\n<li>Werkstatt<\/li>\n<li>Atemschutzwerkstatt<\/li>\n<li>Nassraum (Schlauchwaschraum)<\/li>\n<li>Schlauchturm<\/li>\n<li>Toiletten und Dusche<\/li>\n<li>Vorhaus und Stiegenhaus<\/li>\n<\/ul>\n<p><span style=\"text-decoration: underline\">Untergescho\u00df<\/span><\/p>\n<ul>\n<li>Haupteingang<\/li>\n<li>Vorhaus mit Garderobe<\/li>\n<li>Schulungsraum inkl. K\u00fcche<\/li>\n<li>Schauraum<\/li>\n<li>Technikraum<\/li>\n<li>Toiletten<\/li>\n<li>Heizraum<\/li>\n<\/ul>\n<p>&nbsp;<\/p>\n<p>Hier sehen Sie ein paar Bilder von unserem Feuerwehrhaus<\/p>\nngg_shortcode_0_placeholder\n","protected":false},"excerpt":{"rendered":"<p>Baubeginn f\u00fcr unser Feuerwehrhaus war im November 2010 Fertigstellung im Mai 2012 Das Haus verf\u00fcgt \u00fcber folgende R\u00e4umlichkeiten: Erdgescho\u00df Fahrzeughalle f\u00fcr 3 Fahrzeuge Einsatzleitzentrale (Kommandoraum) Umkleideraum Aktive und Jugend Lager Werkstatt Atemschutzwerkstatt Nassraum (Schlauchwaschraum) Schlauchturm Toiletten und Dusche Vorhaus und Stiegenhaus Untergescho\u00df Haupteingang Vorhaus mit Garderobe Schulungsraum inkl. K\u00fcche Schauraum Technikraum Toiletten Heizraum &nbsp; Hier [&hellip;]<\/p>\n","protected":false},"author":2,"featured_media":0,"parent":17,"menu_order":3,"comment_status":"closed","ping_status":"closed","template":"","meta":{"ngg_post_thumbnail":0,"jetpack_post_was_ever_published":false,"footnotes":""},"class_list":["post-23","page","type-page","status-publish","hentry"],"jetpack_shortlink":"https:\/\/wp.me\/P35J5s-n","jetpack_sharing_enabled":true,"_links":{"self":[{"href":"https:\/\/afk-lembach.at\/neustift\/wp-json\/wp\/v2\/pages\/23"}],"collection":[{"href":"https:\/\/afk-lembach.at\/neustift\/wp-json\/wp\/v2\/pages"}],"about":[{"href":"https:\/\/afk-lembach.at\/neustift\/wp-json\/wp\/v2\/types\/page"}],"author":[{"embeddable":true,"href":"https:\/\/afk-lembach.at\/neustift\/wp-json\/wp\/v2\/users\/2"}],"replies":[{"embeddable":true,"href":"https:\/\/afk-lembach.at\/neustift\/wp-json\/wp\/v2\/comments?post=23"}],"version-history":[{"count":14,"href":"https:\/\/afk-lembach.at\/neustift\/wp-json\/wp\/v2\/pages\/23\/revisions"}],"predecessor-version":[{"id":95,"href":"https:\/\/afk-lembach.at\/neustift\/wp-json\/wp\/v2\/pages\/23\/revisions\/95"}],"up":[{"embeddable":true,"href":"https:\/\/afk-lembach.at\/neustift\/wp-json\/wp\/v2\/pages\/17"}],"wp:attachment":[{"href":"https:\/\/afk-lembach.at\/neustift\/wp-json\/wp\/v2\/media?parent=23"}],"curies":[{"name":"wp","href":"https:\/\/api.w.org\/{rel}","templated":true}]}}