{"id":35,"date":"2011-06-24T01:11:35","date_gmt":"2011-06-23T23:11:35","guid":{"rendered":"http:\/\/afk-lembach.at\/neustift\/?page_id=35"},"modified":"2018-04-23T15:42:12","modified_gmt":"2018-04-23T13:42:12","slug":"downloads","status":"publish","type":"page","link":"https:\/\/afk-lembach.at\/neustift\/medien\/downloads\/","title":{"rendered":"Downloads"},"content":{"rendered":"<p><a href=\"https:\/\/afk-lembach.at\/neustift\/files\/2016\/08\/Bevorraten.pdf\">Richtig Bevorraten f\u00fcr den Krisenfall<\/a><\/p>\n<p><a href=\"https:\/\/afk-lembach.at\/neustift\/files\/2018\/04\/FF-NEUSTIFT-Tirol-2018.pdf\">FF Ausflug 2018 Tirol Programm<\/a><\/p>\n<p><a href=\"https:\/\/afk-lembach.at\/neustift\/files\/2012\/09\/Zeitungsbericht-FWH-Er\u00f6ffnung.pdf\">Feuerwehrhauser\u00f6ffnung Zeitungsbericht<\/a><\/p>\n<p><a href=\"https:\/\/afk-lembach.at\/neustift\/files\/2018\/04\/\u00dcbungs-Terminplan_2018.pdf\">\u00dcbungs- und Terminplan_2018<\/a><\/p>\n","protected":false},"excerpt":{"rendered":"<p>Richtig Bevorraten f\u00fcr den Krisenfall FF Ausflug 2018 Tirol Programm Feuerwehrhauser\u00f6ffnung Zeitungsbericht \u00dcbungs- und Terminplan_2018<\/p>\n","protected":false},"author":2,"featured_media":0,"parent":29,"menu_order":0,"comment_status":"closed","ping_status":"closed","template":"","meta":{"ngg_post_thumbnail":0,"jetpack_post_was_ever_published":false,"footnotes":""},"class_list":["post-35","page","type-page","status-publish","hentry"],"jetpack_shortlink":"https:\/\/wp.me\/P35J5s-z","jetpack_sharing_enabled":true,"_links":{"self":[{"href":"https:\/\/afk-lembach.at\/neustift\/wp-json\/wp\/v2\/pages\/35"}],"collection":[{"href":"https:\/\/afk-lembach.at\/neustift\/wp-json\/wp\/v2\/pages"}],"about":[{"href":"https:\/\/afk-lembach.at\/neustift\/wp-json\/wp\/v2\/types\/page"}],"author":[{"embeddable":true,"href":"https:\/\/afk-lembach.at\/neustift\/wp-json\/wp\/v2\/users\/2"}],"replies":[{"embeddable":true,"href":"https:\/\/afk-lembach.at\/neustift\/wp-json\/wp\/v2\/comments?post=35"}],"version-history":[{"count":16,"href":"https:\/\/afk-lembach.at\/neustift\/wp-json\/wp\/v2\/pages\/35\/revisions"}],"predecessor-version":[{"id":2226,"href":"https:\/\/afk-lembach.at\/neustift\/wp-json\/wp\/v2\/pages\/35\/revisions\/2226"}],"up":[{"embeddable":true,"href":"https:\/\/afk-lembach.at\/neustift\/wp-json\/wp\/v2\/pages\/29"}],"wp:attachment":[{"href":"https:\/\/afk-lembach.at\/neustift\/wp-json\/wp\/v2\/media?parent=35"}],"curies":[{"name":"wp","href":"https:\/\/api.w.org\/{rel}","templated":true}]}}