{"id":109,"date":"2012-06-18T20:28:20","date_gmt":"2012-06-18T18:28:20","guid":{"rendered":"http:\/\/afk-lembach.at\/oberkappel\/?page_id=109"},"modified":"2012-06-19T22:24:05","modified_gmt":"2012-06-19T20:24:05","slug":"feuerwehrfahne","status":"publish","type":"page","link":"https:\/\/afk-lembach.at\/oberkappel\/organisation\/feuerwehrfahne\/","title":{"rendered":"Feuerwehrfahne"},"content":{"rendered":"<p>Wurde 2007 zum 125 j\u00e4hrigen Gr\u00fcndungsfest bei der Firma Ridia aus\u00a0Ried \/Innkr.\u00a0in Auftrag gegeben,<\/p>\n<p>Unsere alte Feuerwehrfahne aus dem Jahr 1949 wurde schon\u00a0restauriert und sollte in Ihrem Zustand als\u00a0Kulturgut erhalten werden.<\/p>\n<p>Als Fahnenpatin konnte Frau Kathrin RIEPL- BOGNER gewonnen werden. Die Segnung am 31.09.2007 erfolgte durch\u00a0Feuerwehrpfarrer Manfred\u00a0ESCHLB\u00d6CK.\u00a0F\u00fcr die k\u00fcnstlerische Aus\u00fchrung zeigte sich der ortsans\u00e4ssige K\u00fcnstler Peter KLONOWSKI verantwortlich.<\/p>\n<p>ORTSSEITE: Zeigt eine aktuelle Ortsansicht aus S\u00fcdwesten. Im Mittelpunkt die Pfarrkirche und das Marktgemeindeamt. Darunter das Gemeindewappen.\u00a0 An den Ecken stellen Arnikaornamente den Bezug zur regionalen Pflanzenwelt\u00a0her.<\/p>\n<p style=\"text-align: center\">\u00a0<img loading=\"lazy\" decoding=\"async\" src=\"https:\/\/afk-lembach.at\/oberkappel\/files\/2012\/06\/OSeite.jpg\" alt=\"\" width=\"601\" height=\"609\" \/><\/p>\n<p>VEREINSSEITE: Der hl.\u00a0Florian (inkl. Fahne mit\u00a0Ortswappen und Ortsfarben)\u00a0h\u00e4lt seine sch\u00fctzende Hand \u00fcber unser Feuerwehrhaus. An den Ecken stellen Flammenornamente den Bezug zum Element Feuer her.<\/p>\n<p><img loading=\"lazy\" decoding=\"async\" class=\"aligncenter\" src=\"https:\/\/afk-lembach.at\/oberkappel\/files\/2012\/06\/VSeite.jpg\" alt=\"Vereinsseite\" width=\"600\" height=\"595\" \/><\/p>\n","protected":false},"excerpt":{"rendered":"<p>Wurde 2007 zum 125 j\u00e4hrigen Gr\u00fcndungsfest bei der Firma Ridia aus\u00a0Ried \/Innkr.\u00a0in Auftrag gegeben, Unsere alte Feuerwehrfahne aus dem Jahr 1949 wurde schon\u00a0restauriert und sollte in Ihrem Zustand als\u00a0Kulturgut erhalten werden. Als Fahnenpatin konnte Frau Kathrin RIEPL- BOGNER gewonnen werden. Die Segnung am 31.09.2007 erfolgte durch\u00a0Feuerwehrpfarrer Manfred\u00a0ESCHLB\u00d6CK.\u00a0F\u00fcr die k\u00fcnstlerische Aus\u00fchrung zeigte sich der ortsans\u00e4ssige K\u00fcnstler [&hellip;]<\/p>\n","protected":false},"author":11,"featured_media":0,"parent":61,"menu_order":4,"comment_status":"closed","ping_status":"closed","template":"","meta":{"ngg_post_thumbnail":0,"footnotes":""},"class_list":["post-109","page","type-page","status-publish","hentry"],"_links":{"self":[{"href":"https:\/\/afk-lembach.at\/oberkappel\/wp-json\/wp\/v2\/pages\/109","targetHints":{"allow":["GET"]}}],"collection":[{"href":"https:\/\/afk-lembach.at\/oberkappel\/wp-json\/wp\/v2\/pages"}],"about":[{"href":"https:\/\/afk-lembach.at\/oberkappel\/wp-json\/wp\/v2\/types\/page"}],"author":[{"embeddable":true,"href":"https:\/\/afk-lembach.at\/oberkappel\/wp-json\/wp\/v2\/users\/11"}],"replies":[{"embeddable":true,"href":"https:\/\/afk-lembach.at\/oberkappel\/wp-json\/wp\/v2\/comments?post=109"}],"version-history":[{"count":7,"href":"https:\/\/afk-lembach.at\/oberkappel\/wp-json\/wp\/v2\/pages\/109\/revisions"}],"predecessor-version":[{"id":151,"href":"https:\/\/afk-lembach.at\/oberkappel\/wp-json\/wp\/v2\/pages\/109\/revisions\/151"}],"up":[{"embeddable":true,"href":"https:\/\/afk-lembach.at\/oberkappel\/wp-json\/wp\/v2\/pages\/61"}],"wp:attachment":[{"href":"https:\/\/afk-lembach.at\/oberkappel\/wp-json\/wp\/v2\/media?parent=109"}],"curies":[{"name":"wp","href":"https:\/\/api.w.org\/{rel}","templated":true}]}}