{"id":120,"date":"2012-06-18T20:54:12","date_gmt":"2012-06-18T18:54:12","guid":{"rendered":"http:\/\/afk-lembach.at\/oberkappel\/?page_id=120"},"modified":"2014-07-16T13:53:44","modified_gmt":"2014-07-16T11:53:44","slug":"geschichte","status":"publish","type":"page","link":"https:\/\/afk-lembach.at\/oberkappel\/organisation\/geschichte\/","title":{"rendered":"Geschichte"},"content":{"rendered":"<p>Hier steht die Chronik anl\u00e4\u00dflich des 125 j\u00e4hrigem Gr\u00fcndungsfest 2007 zum Download.<\/p>\n<p><a href=\"https:\/\/afk-lembach.at\/oberkappel\/files\/2012\/06\/Chronik.pdf\">Chronik<\/a><\/p>\n<p>Ausserdem steht eine \u00dcbersicht aller Kommandanten seit 1882 ebenfalls zu Download bereit.<\/p>\n<p><a href=\"https:\/\/afk-lembach.at\/oberkappel\/files\/2012\/06\/KDTseit-1882.pdf\">KDTseit 1882<\/a><\/p>\n","protected":false},"excerpt":{"rendered":"<p>Hier steht die Chronik anl\u00e4\u00dflich des 125 j\u00e4hrigem Gr\u00fcndungsfest 2007 zum Download. Chronik Ausserdem steht eine \u00dcbersicht aller Kommandanten seit 1882 ebenfalls zu Download bereit. KDTseit 1882<\/p>\n","protected":false},"author":11,"featured_media":0,"parent":61,"menu_order":8,"comment_status":"closed","ping_status":"closed","template":"","meta":{"ngg_post_thumbnail":0,"footnotes":""},"class_list":["post-120","page","type-page","status-publish","hentry"],"_links":{"self":[{"href":"https:\/\/afk-lembach.at\/oberkappel\/wp-json\/wp\/v2\/pages\/120"}],"collection":[{"href":"https:\/\/afk-lembach.at\/oberkappel\/wp-json\/wp\/v2\/pages"}],"about":[{"href":"https:\/\/afk-lembach.at\/oberkappel\/wp-json\/wp\/v2\/types\/page"}],"author":[{"embeddable":true,"href":"https:\/\/afk-lembach.at\/oberkappel\/wp-json\/wp\/v2\/users\/11"}],"replies":[{"embeddable":true,"href":"https:\/\/afk-lembach.at\/oberkappel\/wp-json\/wp\/v2\/comments?post=120"}],"version-history":[{"count":7,"href":"https:\/\/afk-lembach.at\/oberkappel\/wp-json\/wp\/v2\/pages\/120\/revisions"}],"predecessor-version":[{"id":749,"href":"https:\/\/afk-lembach.at\/oberkappel\/wp-json\/wp\/v2\/pages\/120\/revisions\/749"}],"up":[{"embeddable":true,"href":"https:\/\/afk-lembach.at\/oberkappel\/wp-json\/wp\/v2\/pages\/61"}],"wp:attachment":[{"href":"https:\/\/afk-lembach.at\/oberkappel\/wp-json\/wp\/v2\/media?parent=120"}],"curies":[{"name":"wp","href":"https:\/\/api.w.org\/{rel}","templated":true}]}}