{"id":66,"date":"2012-03-11T20:28:13","date_gmt":"2012-03-11T19:28:13","guid":{"rendered":"http:\/\/afk-lembach.at\/oberkappel\/?page_id=66"},"modified":"2019-10-08T22:02:09","modified_gmt":"2019-10-08T20:02:09","slug":"jugend","status":"publish","type":"page","link":"https:\/\/afk-lembach.at\/oberkappel\/organisation\/jugend\/","title":{"rendered":"Jugend"},"content":{"rendered":"<p>Seit Ende der 70er Jahre wird bei der FF Oberkappel eine Jugendgruppe unterhalten. Die Ausbildung in der Jugendgruppe bildet die Grundlage f\u00fcr den sp\u00e4teren Dienst bei den Aktiven. Seit 2018 sind auch M\u00e4dchen mit dabei.<\/p>\n<p>Jugendbetreuer seit 2011: HBM Amerstorfer Robert<\/p>\n<p>Jugendhelfer seit 2019: FM Schuster Niklas<\/p>\n<p>aktive Jugendfeuerwehrmitglieder 2019:<\/p>\n<p>JFM Dzamhalutdinov Dzhabrail, JFM Dzamhalutdinov Mikail, Falkner Oliver, JFM Falkner Simon, JFM Hablesreiter Simon, JFM Hintringer Jan, JFM Jungwirth Manuel, JFM Plankenauer Fabian, JFM Plankenauer Lena, JFM Schwarzbauer Carina, JFM Schwarzbauer Sandra, JFM Schwarzbauer Victoria, JFM Stadler Jakob, JFM Stadler Jan, JFM Stadler Johanna, JFM Sterl Andreas, JFM S\u00fc\u00df Lukas.<\/p>\n<p><img loading=\"lazy\" decoding=\"async\" class=\"aligncenter\" src=\"https:\/\/afk-lembach.at\/oberkappel\/files\/2012\/06\/Niederkappel.jpg\" alt=\"\" width=\"608\" height=\"395\" \/><\/p>\n<p>Erfolge 2011 Auswahl:<\/p>\n<p>Landesbewerb in Andorf Platz 49 von 598 angetretenen Gruppen in Bronze<\/p>\n<p>1. Platz Klasse\u00a0I Silber beim Abschnittsbewerb in Kirchberg<\/p>\n<p>Erfolge 2012 Auswahl:<\/p>\n<p>1. Platz Klasse\u00a0II Bronze beim Abschnittsbewerb in Niederkappel<\/p>\n<p>1. Platz Klasse\u00a0II Bronze beim Abschnittsbewerb in Mistlberg<\/p>\n<p>Bezirkssieger in der Klasse II\u00a0Bronze\u00a0und damit Aufstieg in die erste Klasse<\/p>\n<p>Erfolge 2013 Auswahl:<\/p>\n<p>6. Platz Klasse I\u00a0Silber beim Abschnittsbewerb in St. Veit<\/p>\n<p>13. Rang in der Bezirkswertung Klasse I BRONZE und damit Erhalt der ersten Leistungsklasse<\/p>\n<p>Erfolge 2014 Auswahl:<\/p>\n<p>4. Platz Klasse I Bronze beim Abschnittsbewerb in Klaffer<\/p>\n<p>5. Rang in der Bezirkswertung Klasse I BRONZE<\/p>\n<p>Erfolge 2015 Auswahl:<\/p>\n<p>9. Rang in der Bezirkswertung Klasse I BRONZE<\/p>\n<p>Erfolge 2016 Auswahl:<\/p>\n<p>6. Platz Klasse I Bronze beim Abschnittsbewerb in Schl\u00e4gl<\/p>\n<p>13. Rang in der Bezirkswertung Klasse I (Gesamtwertung aus BRONZE und SILBER)<\/p>\n<p>Erfolge 2017 Auswahl:<\/p>\n<p>6. Platz Klasse I Bronze beim Abschnittsbewerb in Hofkirchen<\/p>\n<p>14. Rang in der Bezirkswertung Klasse I (Gesamtwertung aus BRONZE und SILBER)<\/p>\n<p>Landesbewerb in Mauerkirchen Platz 72 von 302 angetretenen Gruppen in Bronze<\/p>\n<p style=\"text-align: center\">Gruppenfoto 2017<\/p>\n<p><a href=\"https:\/\/afk-lembach.at\/oberkappel\/files\/2017\/07\/ff-oberkappel-0026_2017-06-2.jpg\"><img loading=\"lazy\" decoding=\"async\" class=\"aligncenter size-large wp-image-2631\" src=\"https:\/\/afk-lembach.at\/oberkappel\/files\/2017\/07\/ff-oberkappel-0026_2017-06-2-1024x682.jpg\" alt=\"\" width=\"560\" height=\"373\" srcset=\"https:\/\/afk-lembach.at\/oberkappel\/files\/2017\/07\/ff-oberkappel-0026_2017-06-2-1024x682.jpg 1024w, https:\/\/afk-lembach.at\/oberkappel\/files\/2017\/07\/ff-oberkappel-0026_2017-06-2-300x200.jpg 300w, https:\/\/afk-lembach.at\/oberkappel\/files\/2017\/07\/ff-oberkappel-0026_2017-06-2-768x512.jpg 768w\" sizes=\"(max-width: 560px) 100vw, 560px\" \/><\/a><\/p>\n<p style=\"text-align: center\"><em>\u00a9 js-photo.at | Josef Sch\u00fcrz | 4162 Julbach<\/em><\/p>\n<p>Erfolge 2018 Auswahl:<\/p>\n<p>14. Rang in der Bezirkswertung Klasse I (Gesamtwertung aus BRONZE und SILBER)<\/p>\n<p>Landesbewerb in Rainbach Platz 207 von 274 angetretenen Gruppen in Silber<\/p>\n<p>Erfolge 2019 Auswahl:<\/p>\n<p>3. Platz Klasse I Silber beim Abschnittsbewerb in Klaffer<\/p>\n<p>14. Rang in der Bezirkswertung Klasse I (Gesamtwertung aus BRONZE und SILBER)<\/p>\n<p>Landesbewerb in Frankenburg Platz 1117 von 277 angetretenen Gruppen in Silber<\/p>\n","protected":false},"excerpt":{"rendered":"<p>Seit Ende der 70er Jahre wird bei der FF Oberkappel eine Jugendgruppe unterhalten. Die Ausbildung in der Jugendgruppe bildet die Grundlage f\u00fcr den sp\u00e4teren Dienst bei den Aktiven. Seit 2018 sind auch M\u00e4dchen mit dabei. Jugendbetreuer seit 2011: HBM Amerstorfer Robert Jugendhelfer seit 2019: FM Schuster Niklas aktive Jugendfeuerwehrmitglieder 2019: JFM Dzamhalutdinov Dzhabrail, JFM Dzamhalutdinov [&hellip;]<\/p>\n","protected":false},"author":2,"featured_media":0,"parent":61,"menu_order":3,"comment_status":"closed","ping_status":"closed","template":"","meta":{"ngg_post_thumbnail":0,"footnotes":""},"class_list":["post-66","page","type-page","status-publish","hentry"],"_links":{"self":[{"href":"https:\/\/afk-lembach.at\/oberkappel\/wp-json\/wp\/v2\/pages\/66"}],"collection":[{"href":"https:\/\/afk-lembach.at\/oberkappel\/wp-json\/wp\/v2\/pages"}],"about":[{"href":"https:\/\/afk-lembach.at\/oberkappel\/wp-json\/wp\/v2\/types\/page"}],"author":[{"embeddable":true,"href":"https:\/\/afk-lembach.at\/oberkappel\/wp-json\/wp\/v2\/users\/2"}],"replies":[{"embeddable":true,"href":"https:\/\/afk-lembach.at\/oberkappel\/wp-json\/wp\/v2\/comments?post=66"}],"version-history":[{"count":24,"href":"https:\/\/afk-lembach.at\/oberkappel\/wp-json\/wp\/v2\/pages\/66\/revisions"}],"predecessor-version":[{"id":3748,"href":"https:\/\/afk-lembach.at\/oberkappel\/wp-json\/wp\/v2\/pages\/66\/revisions\/3748"}],"up":[{"embeddable":true,"href":"https:\/\/afk-lembach.at\/oberkappel\/wp-json\/wp\/v2\/pages\/61"}],"wp:attachment":[{"href":"https:\/\/afk-lembach.at\/oberkappel\/wp-json\/wp\/v2\/media?parent=66"}],"curies":[{"name":"wp","href":"https:\/\/api.w.org\/{rel}","templated":true}]}}