{"id":99,"date":"2012-06-12T21:16:19","date_gmt":"2012-06-12T19:16:19","guid":{"rendered":"http:\/\/afk-lembach.at\/oberkappel\/?page_id=99"},"modified":"2012-08-17T22:13:32","modified_gmt":"2012-08-17T20:13:32","slug":"tankloschfahrzeug-tlf-a-200","status":"publish","type":"page","link":"https:\/\/afk-lembach.at\/oberkappel\/organisation\/fahrzeuge\/tankloschfahrzeug-tlf-a-200\/","title":{"rendered":"TLF-A 2000"},"content":{"rendered":"<p><strong>Tankl\u00f6schfahrzeug Allrad (TLF-A 2000) <\/strong><\/p>\n<p>Fahrgestell: Steyr 14S28 4&#215;4\u2013 280 PS<\/p>\n<p>Baujahr: 2002<\/p>\n<p>Feuerwehrtechnischer Aufbau: Fa. Rosenbauer, Leonding<\/p>\n<p>Besatzung: 9 Mann<\/p>\n<p>Funkrufname: TANK Oberkappel<\/p>\n<p>Aktiv seit: 28.03.2003<\/p>\n<p>Gesegnet am 31.08.2003 durch DDr. Kurt Krenn<\/p>\n<p>Ausr\u00fcstung: 2000l L\u00f6schwasser, 3 Atemschutzger\u00e4te, ND\/HD Einbaupumpe 2400 l\/min, 200m B-Druckschlauch, 150m C-Druckschlauch, 60m Hochdruckhaspel, 30m Normaldruckhaspel, 60m HD-Schlauch, 2 Stk. Tauchpumpen,\u00a0 Hochleistungsl\u00fcfter, Schaumschnellangriffsvorrichtung, Motors\u00e4ge, Seilwinde, Greifzug, Hebekissen, Lichtmast, Stromgenerator, div. Fluter inkl. Stativ, Trennschleifer, Schlagbohrmaschine, Steckleiter, Wasserwerfer, 60 l Schaummittel, 4 St\u00fcck Hitzeschutzanz\u00fcge, \u00d6lbindemittel, Gassp\u00fcrger\u00e4t, wasserf\u00fchrende Armaturen, Absperrmaterial, Schanzzeug, div. Werkzeug uvm.<\/p>\n<p>Kurzbeschreibung:<\/p>\n<p>Das Fahrzeug ist unser Arbeitstier und fast bei jedem Einsatz dabei. Im Brandfall kann mit den mittransportierten 2000 l L\u00f6schwasser der Erstangriff, falls n\u00f6tig unter schwerem Atemschutz oder mit dem Wasserwerfer vorgenommen werden. F\u00fcr technische Eins\u00e4tze steht auch eine gro\u00dfe Anzahl an vorhandenen Einsatzmitteln zur Verf\u00fcgung (Seilwinde oder die Hebekissen, Greifzug, Trennschleifer, uvm.)<\/p>\n<p><img loading=\"lazy\" decoding=\"async\" style=\"vertical-align: middle\" src=\"https:\/\/afk-lembach.at\/oberkappel\/files\/2012\/08\/TLFA2000-RO-616A-DSC_5954l.jpg\" alt=\"TLF 200\" width=\"594\" height=\"396\" \/><\/p>\n<p><img loading=\"lazy\" decoding=\"async\" style=\"vertical-align: bottom\" src=\"https:\/\/afk-lembach.at\/oberkappel\/files\/2012\/08\/TLFA2000-RO-616A-DSC_5976l.jpg\" alt=\"TLFA 200 hinte rechts\" width=\"594\" height=\"396\" \/><\/p>\n<p><img loading=\"lazy\" decoding=\"async\" style=\"vertical-align: middle\" src=\"https:\/\/afk-lembach.at\/oberkappel\/files\/2012\/08\/TLFA2000-RO-616A-DSC_5958l.jpg\" alt=\"TLFA 2000 links\" width=\"594\" height=\"396\" \/><\/p>\n","protected":false},"excerpt":{"rendered":"<p>Tankl\u00f6schfahrzeug Allrad (TLF-A 2000) Fahrgestell: Steyr 14S28 4&#215;4\u2013 280 PS Baujahr: 2002 Feuerwehrtechnischer Aufbau: Fa. Rosenbauer, Leonding Besatzung: 9 Mann Funkrufname: TANK Oberkappel Aktiv seit: 28.03.2003 Gesegnet am 31.08.2003 durch DDr. Kurt Krenn Ausr\u00fcstung: 2000l L\u00f6schwasser, 3 Atemschutzger\u00e4te, ND\/HD Einbaupumpe 2400 l\/min, 200m B-Druckschlauch, 150m C-Druckschlauch, 60m Hochdruckhaspel, 30m Normaldruckhaspel, 60m HD-Schlauch, 2 Stk. Tauchpumpen,\u00a0 [&hellip;]<\/p>\n","protected":false},"author":11,"featured_media":0,"parent":68,"menu_order":0,"comment_status":"closed","ping_status":"closed","template":"","meta":{"ngg_post_thumbnail":0,"footnotes":""},"class_list":["post-99","page","type-page","status-publish","hentry"],"_links":{"self":[{"href":"https:\/\/afk-lembach.at\/oberkappel\/wp-json\/wp\/v2\/pages\/99"}],"collection":[{"href":"https:\/\/afk-lembach.at\/oberkappel\/wp-json\/wp\/v2\/pages"}],"about":[{"href":"https:\/\/afk-lembach.at\/oberkappel\/wp-json\/wp\/v2\/types\/page"}],"author":[{"embeddable":true,"href":"https:\/\/afk-lembach.at\/oberkappel\/wp-json\/wp\/v2\/users\/11"}],"replies":[{"embeddable":true,"href":"https:\/\/afk-lembach.at\/oberkappel\/wp-json\/wp\/v2\/comments?post=99"}],"version-history":[{"count":8,"href":"https:\/\/afk-lembach.at\/oberkappel\/wp-json\/wp\/v2\/pages\/99\/revisions"}],"predecessor-version":[{"id":227,"href":"https:\/\/afk-lembach.at\/oberkappel\/wp-json\/wp\/v2\/pages\/99\/revisions\/227"}],"up":[{"embeddable":true,"href":"https:\/\/afk-lembach.at\/oberkappel\/wp-json\/wp\/v2\/pages\/68"}],"wp:attachment":[{"href":"https:\/\/afk-lembach.at\/oberkappel\/wp-json\/wp\/v2\/media?parent=99"}],"curies":[{"name":"wp","href":"https:\/\/api.w.org\/{rel}","templated":true}]}}