{"id":24,"date":"2011-07-17T21:20:25","date_gmt":"2011-07-17T19:20:25","guid":{"rendered":"http:\/\/afk-lembach.at\/rannariedl\/?page_id=24"},"modified":"2015-06-19T18:22:19","modified_gmt":"2015-06-19T16:22:19","slug":"mannschaftsfoto","status":"publish","type":"page","link":"https:\/\/afk-lembach.at\/rannariedl\/organisation\/mannschaftsfoto\/","title":{"rendered":"Mannschaftsfoto 2015"},"content":{"rendered":"<div id=\"attachment_1380\" style=\"width: 570px\" class=\"wp-caption aligncenter\"><a href=\"https:\/\/afk-lembach.at\/rannariedl\/files\/2015\/06\/Mannschaftsfoto_2015_zs2_vign.jpg\"><img loading=\"lazy\" decoding=\"async\" aria-describedby=\"caption-attachment-1380\" class=\"size-large wp-image-1380\" src=\"https:\/\/afk-lembach.at\/rannariedl\/files\/2015\/06\/Mannschaftsfoto_2015_zs2_vign-1024x510.jpg\" alt=\"Mannschaftsfoto 2015\" width=\"560\" height=\"279\" srcset=\"https:\/\/afk-lembach.at\/rannariedl\/files\/2015\/06\/Mannschaftsfoto_2015_zs2_vign-1024x510.jpg 1024w, https:\/\/afk-lembach.at\/rannariedl\/files\/2015\/06\/Mannschaftsfoto_2015_zs2_vign-300x149.jpg 300w\" sizes=\"auto, (max-width: 560px) 100vw, 560px\" \/><\/a><p id=\"caption-attachment-1380\" class=\"wp-caption-text\">1. Reihe (Jugend): Christoph Wallner, Marcel Wakolbinger, Fabian Gradwohl, Philipp Ecker, Benedikt Schwarzbauer, Andre Gierlinger, Florian Pumberger, Jan Detl, Maximilian Schneeberger, Paul Stadler, Georg Stadler, Marcel Raxendorfer, Elias Unterberger, Christoph Schwarzbauer<br \/>2. Reihe:: Franz Wundsam, Stefan Wundsam, Thomas Scharrer, Franz-Josef Rau\u00f6cker, Markus Gabriel, Eduard Lorenz, Robert Gierlinger, Josef Wundsam, Walter Seiler, G\u00fcnter Mayrhofer, Josef Fesel<br \/>3. Reihe: Alexander Martha, Hubert Pumberger, Gerhard Bachmair, Franz Jell, Erich Pumberger, Alfred Ecker, Albert Scharrer, Reinhard Scharrer, Gerald Stadler, Franz Rosenberger, Paul Pumberger, Josef Hackl, Paul Schlagitweit, Florian Wundsam, Michael Wallner, Johann Gr\u00fcblinger<br \/>4. Reihe: Josef Hutterer, Edwin Martlm\u00fcller, Josef Wundsam, Heinz Fenzl, Bernhard Luger, Andreas Luger, Johann Weberschl\u00e4ger, Johann Gr\u00fcblinger, Otto W\u00f6\u00df, Franz Rosenberger, David Gradwohl, Gerald Jell, Norbert Scheiblhofer<br \/>5. Reihe: Alois Friedl, Josef Bauer, Rudolf Baumann, Dietmar Detl, Ewald Pumberger, Adolf Pumberger, Klaus Gr\u00fcblinger, Andreas Fenzl, Wolfgang Reiter, Christian Wundsam, Franz Jell, Josef Trautendorfer, Herbert Mayrhofer<\/p><\/div>\n<p>&nbsp;<\/p>\n","protected":false},"excerpt":{"rendered":"<p>&nbsp;<\/p>\n","protected":false},"author":4,"featured_media":0,"parent":481,"menu_order":5,"comment_status":"closed","ping_status":"closed","template":"","meta":{"ngg_post_thumbnail":0,"footnotes":""},"class_list":["post-24","page","type-page","status-publish","hentry"],"_links":{"self":[{"href":"https:\/\/afk-lembach.at\/rannariedl\/wp-json\/wp\/v2\/pages\/24","targetHints":{"allow":["GET"]}}],"collection":[{"href":"https:\/\/afk-lembach.at\/rannariedl\/wp-json\/wp\/v2\/pages"}],"about":[{"href":"https:\/\/afk-lembach.at\/rannariedl\/wp-json\/wp\/v2\/types\/page"}],"author":[{"embeddable":true,"href":"https:\/\/afk-lembach.at\/rannariedl\/wp-json\/wp\/v2\/users\/4"}],"replies":[{"embeddable":true,"href":"https:\/\/afk-lembach.at\/rannariedl\/wp-json\/wp\/v2\/comments?post=24"}],"version-history":[{"count":16,"href":"https:\/\/afk-lembach.at\/rannariedl\/wp-json\/wp\/v2\/pages\/24\/revisions"}],"predecessor-version":[{"id":1389,"href":"https:\/\/afk-lembach.at\/rannariedl\/wp-json\/wp\/v2\/pages\/24\/revisions\/1389"}],"up":[{"embeddable":true,"href":"https:\/\/afk-lembach.at\/rannariedl\/wp-json\/wp\/v2\/pages\/481"}],"wp:attachment":[{"href":"https:\/\/afk-lembach.at\/rannariedl\/wp-json\/wp\/v2\/media?parent=24"}],"curies":[{"name":"wp","href":"https:\/\/api.w.org\/{rel}","templated":true}]}}