{"id":26,"date":"2011-07-17T21:21:01","date_gmt":"2011-07-17T19:21:01","guid":{"rendered":"http:\/\/afk-lembach.at\/rannariedl\/?page_id=26"},"modified":"2018-06-22T00:17:07","modified_gmt":"2018-06-21T22:17:07","slug":"kommando","status":"publish","type":"page","link":"https:\/\/afk-lembach.at\/rannariedl\/organisation\/kommando\/","title":{"rendered":"Kommando"},"content":{"rendered":"<h2 style=\"text-align: left\"><\/h2>\n<h2><strong><strong>Gew\u00e4hltes\u00a0Kommando:<\/strong><\/strong><\/h2>\n<p style=\"padding-left: 30px\">Kommandant: HBI Christoph Bauer, Tel. 0664 3939704<\/p>\n<p style=\"padding-left: 30px\">Kommandant-Stv.: OBI Markus Gabriel, Tel. 0676 83999306<\/p>\n<p style=\"padding-left: 30px\">Schriftf\u00fchrer: AW Christoph Weiss<\/p>\n<p style=\"padding-left: 30px\">Kassenf\u00fchrer: AW Stefan Wundsam<\/p>\n<h2><\/h2>\n<h2><strong>Erweitertes\u00a0Kommando:<\/strong><\/h2>\n<p style=\"padding-left: 30px\">Ger\u00e4tewart (Allgemein): AW Florian Wundsam<br \/>\n&#8211; Ger\u00e4tewart (Bekleidung): OLM Andreas Fenzl<br \/>\n&#8211; Ger\u00e4tewart (Helfer): HLM Thomas Scharrer<\/p>\n<p style=\"padding-left: 30px\">Atemschutzwart: HLM Franz Josef Rau\u00f6cker<\/p>\n<p style=\"padding-left: 30px\">Funkwart:\u00a0AW Florian Wundsam<\/p>\n<p style=\"padding-left: 30px\">Jugendbetreuer:\u00a0HBM Schlagitweit Paul<br \/>\n&#8211; Jugend Helfer: OFM Mathias Wallner<br \/>\n&#8211; Jugend Helfer:\u00a0OFM Christoph Wallner<br \/>\n&#8211; Jugend Helferin: FM Vanessa Mayrhofer<\/p>\n<p style=\"padding-left: 30px\">Lotsenkommandant: BI Johann Gr\u00fcblinger<\/p>\n<p style=\"padding-left: 30px\">EDV\/\u00d6ffentlichkeitsarbeit: HFM Norbert\u00a0Scheiblhofer<\/p>\n","protected":false},"excerpt":{"rendered":"<p>Gew\u00e4hltes\u00a0Kommando: Kommandant: HBI Christoph Bauer, Tel. 0664 3939704 Kommandant-Stv.: OBI Markus Gabriel, Tel. 0676 83999306 Schriftf\u00fchrer: AW Christoph Weiss Kassenf\u00fchrer: AW Stefan Wundsam Erweitertes\u00a0Kommando: Ger\u00e4tewart (Allgemein): AW Florian Wundsam &#8211; Ger\u00e4tewart (Bekleidung): OLM Andreas Fenzl &#8211; Ger\u00e4tewart (Helfer): HLM Thomas Scharrer Atemschutzwart: HLM Franz Josef Rau\u00f6cker Funkwart:\u00a0AW Florian Wundsam Jugendbetreuer:\u00a0HBM Schlagitweit Paul &#8211; Jugend Helfer: [&hellip;]<\/p>\n","protected":false},"author":4,"featured_media":0,"parent":481,"menu_order":1,"comment_status":"closed","ping_status":"closed","template":"","meta":{"ngg_post_thumbnail":0,"footnotes":""},"class_list":["post-26","page","type-page","status-publish","hentry"],"_links":{"self":[{"href":"https:\/\/afk-lembach.at\/rannariedl\/wp-json\/wp\/v2\/pages\/26"}],"collection":[{"href":"https:\/\/afk-lembach.at\/rannariedl\/wp-json\/wp\/v2\/pages"}],"about":[{"href":"https:\/\/afk-lembach.at\/rannariedl\/wp-json\/wp\/v2\/types\/page"}],"author":[{"embeddable":true,"href":"https:\/\/afk-lembach.at\/rannariedl\/wp-json\/wp\/v2\/users\/4"}],"replies":[{"embeddable":true,"href":"https:\/\/afk-lembach.at\/rannariedl\/wp-json\/wp\/v2\/comments?post=26"}],"version-history":[{"count":53,"href":"https:\/\/afk-lembach.at\/rannariedl\/wp-json\/wp\/v2\/pages\/26\/revisions"}],"predecessor-version":[{"id":4299,"href":"https:\/\/afk-lembach.at\/rannariedl\/wp-json\/wp\/v2\/pages\/26\/revisions\/4299"}],"up":[{"embeddable":true,"href":"https:\/\/afk-lembach.at\/rannariedl\/wp-json\/wp\/v2\/pages\/481"}],"wp:attachment":[{"href":"https:\/\/afk-lembach.at\/rannariedl\/wp-json\/wp\/v2\/media?parent=26"}],"curies":[{"name":"wp","href":"https:\/\/api.w.org\/{rel}","templated":true}]}}