{"id":53,"date":"2011-07-30T21:17:42","date_gmt":"2011-07-30T19:17:42","guid":{"rendered":"http:\/\/afk-lembach.at\/rannariedl\/?page_id=53"},"modified":"2023-01-07T17:33:26","modified_gmt":"2023-01-07T16:33:26","slug":"jugend","status":"publish","type":"page","link":"https:\/\/afk-lembach.at\/rannariedl\/organisation\/jugend\/","title":{"rendered":"Jugend"},"content":{"rendered":"<h2 style=\"text-align: center\">Feuerwehrjugend:<\/h2>\n<table style=\"height: 776px;width: 100%\" width=\"390\">\n<tbody>\n<tr style=\"height: 35px\">\n<td style=\"width: 79px;height: 35px\">JFM<\/td>\n<td style=\"width: 295px;height: 35px\">Dikany Alicia<\/td>\n<\/tr>\n<tr style=\"height: 35px\">\n<td style=\"width: 79px;height: 35px\">JFM<\/td>\n<td style=\"width: 295px;height: 35px\">Ecker Helena<\/td>\n<\/tr>\n<tr style=\"height: 27px\">\n<td style=\"width: 79px;height: 27px\">JFM<\/td>\n<td style=\"width: 295px;height: 27px\">Gabriel Magdalena<\/td>\n<\/tr>\n<tr style=\"height: 35px\">\n<td style=\"width: 79px;height: 35px\">JFM<\/td>\n<td style=\"width: 295px;height: 35px\">Gabriel Michael<\/td>\n<\/tr>\n<tr style=\"height: 35px\">\n<td style=\"width: 79px;height: 35px\">JFM<\/td>\n<td style=\"width: 295px;height: 35px\">Gierlinger Constanze<\/td>\n<\/tr>\n<tr style=\"height: 27px\">\n<td style=\"width: 79px;height: 27px\">JFM<\/td>\n<td style=\"width: 295px;height: 27px\">Gr\u00fcblinger Helena<\/td>\n<\/tr>\n<tr style=\"height: 27px\">\n<td style=\"width: 79px;height: 27px\">JFM<\/td>\n<td style=\"width: 295px;height: 27px\">Gr\u00fcblinger Lisa<\/td>\n<\/tr>\n<tr style=\"height: 35px\">\n<td style=\"width: 79px;height: 35px\">JFM<\/td>\n<td style=\"width: 295px;height: 35px\">Gr\u00fcblinger Sophie<\/td>\n<\/tr>\n<tr style=\"height: 35px\">\n<td style=\"width: 79px;height: 35px\">JFM<\/td>\n<td style=\"width: 295px;height: 35px\">Gr\u00fcblinger Tobias<\/td>\n<\/tr>\n<tr>\n<td style=\"width: 79px\">JFM<\/td>\n<td style=\"width: 295px\">H\u00f6glinger Dominik<\/td>\n<\/tr>\n<tr>\n<td style=\"width: 79px\">JFM<\/td>\n<td style=\"width: 295px\">Jell Florian<\/td>\n<\/tr>\n<tr style=\"height: 35px\">\n<td style=\"width: 79px;height: 35px\">JFM<\/td>\n<td style=\"width: 295px;height: 35px\">Jell Franciska<\/td>\n<\/tr>\n<tr>\n<td style=\"width: 79px\">JFM<\/td>\n<td style=\"width: 295px\">Jell Hanna<\/td>\n<\/tr>\n<tr style=\"height: 35px\">\n<td style=\"width: 79px;height: 35px\">JFM<\/td>\n<td style=\"width: 295px;height: 35px\">Jell Julia<\/td>\n<\/tr>\n<tr style=\"height: 35px\">\n<td style=\"width: 79px;height: 35px\">JFM<\/td>\n<td style=\"width: 295px;height: 35px\">Jell Matthias<\/td>\n<\/tr>\n<tr style=\"height: 35px\">\n<td style=\"width: 79px;height: 35px\">JFM<\/td>\n<td style=\"width: 295px;height: 35px\">Kalischko Fabian<\/td>\n<\/tr>\n<tr style=\"height: 27px\">\n<td style=\"width: 79px;height: 27px\">JFM<\/td>\n<td style=\"width: 295px;height: 27px\">Krenn Mario<\/td>\n<\/tr>\n<tr style=\"height: 35px\">\n<td style=\"width: 79px;height: 35px\">JFM<\/td>\n<td style=\"width: 295px;height: 35px\">Kronawitter Fabian<\/td>\n<\/tr>\n<tr>\n<td style=\"width: 79px\">JFM<\/td>\n<td style=\"width: 295px\">Kronawitter Jan<\/td>\n<\/tr>\n<tr style=\"height: 35px\">\n<td style=\"width: 79px;height: 35px\">JFM<\/td>\n<td style=\"width: 295px;height: 35px\">Martha Felix<\/td>\n<\/tr>\n<tr style=\"height: 27px\">\n<td style=\"width: 79px;height: 27px\">JFM<\/td>\n<td style=\"width: 295px;height: 27px\">Martlm\u00fcller Tim<\/td>\n<\/tr>\n<tr style=\"height: 35px\">\n<td style=\"width: 79px;height: 35px\">JFM<\/td>\n<td style=\"width: 295px;height: 35px\">Mayrhofer Noah<\/td>\n<\/tr>\n<tr style=\"height: 35px\">\n<td style=\"width: 79px;height: 35px\">JFM<\/td>\n<td style=\"width: 295px;height: 35px\">Unterberger Amelie<\/td>\n<\/tr>\n<tr style=\"height: 27px\">\n<td style=\"width: 79px;height: 27px\">JFM<\/td>\n<td style=\"width: 295px;height: 27px\">Wei\u00df Laura<\/td>\n<\/tr>\n<tr style=\"height: 27px\">\n<td style=\"width: 79px;height: 27px\">JFM<\/td>\n<td style=\"width: 295px;height: 27px\">Wundsam Alexander<\/td>\n<\/tr>\n<tr style=\"height: 35px\">\n<td style=\"width: 79px;height: 35px\">JFM<\/td>\n<td style=\"width: 295px;height: 35px\">Wundsam David<\/td>\n<\/tr>\n<\/tbody>\n<\/table>\n","protected":false},"excerpt":{"rendered":"<p>Feuerwehrjugend: JFM Dikany Alicia JFM Ecker Helena JFM Gabriel Magdalena JFM Gabriel Michael JFM Gierlinger Constanze JFM Gr\u00fcblinger Helena JFM Gr\u00fcblinger Lisa JFM Gr\u00fcblinger Sophie JFM Gr\u00fcblinger Tobias JFM H\u00f6glinger Dominik JFM Jell Florian JFM Jell Franciska JFM Jell Hanna JFM Jell Julia JFM Jell Matthias JFM Kalischko Fabian JFM Krenn Mario JFM Kronawitter Fabian [&hellip;]<\/p>\n","protected":false},"author":4,"featured_media":0,"parent":481,"menu_order":2,"comment_status":"closed","ping_status":"closed","template":"","meta":{"ngg_post_thumbnail":0,"footnotes":""},"class_list":["post-53","page","type-page","status-publish","hentry"],"_links":{"self":[{"href":"https:\/\/afk-lembach.at\/rannariedl\/wp-json\/wp\/v2\/pages\/53"}],"collection":[{"href":"https:\/\/afk-lembach.at\/rannariedl\/wp-json\/wp\/v2\/pages"}],"about":[{"href":"https:\/\/afk-lembach.at\/rannariedl\/wp-json\/wp\/v2\/types\/page"}],"author":[{"embeddable":true,"href":"https:\/\/afk-lembach.at\/rannariedl\/wp-json\/wp\/v2\/users\/4"}],"replies":[{"embeddable":true,"href":"https:\/\/afk-lembach.at\/rannariedl\/wp-json\/wp\/v2\/comments?post=53"}],"version-history":[{"count":22,"href":"https:\/\/afk-lembach.at\/rannariedl\/wp-json\/wp\/v2\/pages\/53\/revisions"}],"predecessor-version":[{"id":5058,"href":"https:\/\/afk-lembach.at\/rannariedl\/wp-json\/wp\/v2\/pages\/53\/revisions\/5058"}],"up":[{"embeddable":true,"href":"https:\/\/afk-lembach.at\/rannariedl\/wp-json\/wp\/v2\/pages\/481"}],"wp:attachment":[{"href":"https:\/\/afk-lembach.at\/rannariedl\/wp-json\/wp\/v2\/media?parent=53"}],"curies":[{"name":"wp","href":"https:\/\/api.w.org\/{rel}","templated":true}]}}